{"id":51,"date":"2017-07-13T02:57:57","date_gmt":"2017-07-13T00:57:57","guid":{"rendered":"http:\/\/chrystelprof.fr\/?page_id=51"},"modified":"2025-08-24T19:41:57","modified_gmt":"2025-08-24T17:41:57","slug":"mes-services","status":"publish","type":"page","link":"https:\/\/chrystelprof.fr\/","title":{"rendered":"Mes services"},"content":{"rendered":"\n<div class=\"wp-block-group\"><div class=\"wp-block-group__inner-container is-layout-constrained wp-block-group-is-layout-constrained\">\n<div class=\"wp-block-group\"><div class=\"wp-block-group__inner-container is-layout-constrained wp-block-group-is-layout-constrained\">\n<figure class=\"wp-block-image is-resized\"><img loading=\"lazy\" decoding=\"async\" width=\"300\" height=\"253\" src=\"http:\/\/chrystelprof.fr\/wp-content\/uploads\/2019\/04\/veloTrans-1-300x253.png\" alt=\"\" class=\"wp-image-195\" style=\"width:300px;height:auto\" srcset=\"https:\/\/chrystelprof.fr\/wp-content\/uploads\/2019\/04\/veloTrans-1-300x253.png 300w, https:\/\/chrystelprof.fr\/wp-content\/uploads\/2019\/04\/veloTrans-1-768x648.png 768w, https:\/\/chrystelprof.fr\/wp-content\/uploads\/2019\/04\/veloTrans-1-1024x864.png 1024w, https:\/\/chrystelprof.fr\/wp-content\/uploads\/2019\/04\/veloTrans-1.png 1239w\" sizes=\"(max-width: 300px) 100vw, 300px\" \/><\/figure>\n\n\n\n<figure class=\"wp-block-image is-resized\"><img loading=\"lazy\" decoding=\"async\" width=\"244\" height=\"300\" src=\"http:\/\/chrystelprof.fr\/wp-content\/uploads\/2024\/07\/2024b-244x300.jpg\" alt=\"\" class=\"wp-image-395\" style=\"width:198px;height:auto\" srcset=\"https:\/\/chrystelprof.fr\/wp-content\/uploads\/2024\/07\/2024b-244x300.jpg 244w, https:\/\/chrystelprof.fr\/wp-content\/uploads\/2024\/07\/2024b.jpg 386w\" sizes=\"(max-width: 244px) 100vw, 244px\" \/><\/figure>\n\n\n\n<h3 class=\"wp-block-heading\">Professeur particulier<br>de physique &#8211; chimie<br>et de math\u00e9matiques<\/h3>\n\n\n\n<p><a href=\"http:\/\/chrystelprof.fr\/wp-content\/uploads\/2024\/07\/2024b.jpg\" rel=\"attachment wp-att-229\">&nbsp;<\/a><\/p>\n\n\n\n<h3 class=\"wp-block-heading\"><span style=\"color: #800080;\"><em>\u2192 \u00e0 Rennes et via l&rsquo;internet&nbsp;<\/em><\/span><\/h3>\n\n\n\n<p>cours particuliers pour : suivi scolaire, pr\u00e9paration rentr\u00e9e\/bac\/brevet, remise \u00e0 niveau, r\u00e9vision pendant les vacances, stage, cours hebdomadaires<\/p>\n\n\n<div class=\"wp-block-image\">\n<figure class=\"alignleft\"><a href=\"http:\/\/chrystelprof.fr\/?attachment_id=255\" rel=\"attachment wp-att-255\"><img decoding=\"async\" src=\"http:\/\/chrystelprof.fr\/wp-content\/uploads\/2017\/07\/CESU.jpg\" alt=\"CESU\" class=\"wp-image-255\"\/><\/a><\/figure><\/div>\n\n\n<p><span style=\"color: #0000ff;\"><em><\/em><\/span><\/p>\n\n\n\n<h6 class=\"wp-block-heading\"><span style=\"color: #0000ff;\"><em>Cours au domicile de l&rsquo;\u00e9l\u00e8ve, aux Champs Libres, dans une des biblioth\u00e8ques universitaires, \u00e0 mon domicile ou en ligne*.<br><\/em><\/span><\/h6>\n\n\n\n<h4 class=\"wp-block-heading\"><span style=\"color: #000080;\">Les cours concernent les niveaux suivants&nbsp;:<\/span><\/h4>\n\n\n\n<ul>\n<li><span style=\"color: #339966;\">la&nbsp;<strong>&nbsp;physique-chimie<\/strong> et&nbsp; <strong>math\u00e9matiques<\/strong>&nbsp; au niveau<strong> lyc\u00e9e et en 3<sup>\u00e8me<\/sup> au coll\u00e8ge.<br><\/strong><\/span><\/li>\n\n\n\n<li><span style=\"color: #008000;\">la <span style=\"text-decoration: underline;\"><strong>physique<\/strong><\/span> au niveau <strong>post-bac 1<sup>\u00e8re<\/sup> ann\u00e9e<\/strong> : <\/span>\n<ul>\n<li><span style=\"color: #008000;\"><em>m\u00e9canique,<\/em><\/span><\/li>\n\n\n\n<li><span style=\"color: #008000;\"><em>thermodynamique,<\/em><\/span><\/li>\n\n\n\n<li><span style=\"color: #008000;\"><em>\u00e9lectrocin\u00e9tique,<\/em><\/span><\/li>\n\n\n\n<li><span style=\"color: #008000;\"><em> \u00e9lectromagn\u00e9tisme,<\/em><\/span><\/li>\n\n\n\n<li><span style=\"color: #008000;\"><em>optique g\u00e9om\u00e9trique et ondulatoire.<\/em><\/span><span style=\"color: #008000;\"><br><\/span><\/li>\n<\/ul>\n<\/li>\n<\/ul>\n\n\n\n<p><em><strong><span style=\"color: #0000ff;\">*<\/span><\/strong>Les cours via l\u2019internet (visioconf\u00e9rence) se font avec partage d&rsquo;\u00e9crans : tableau blanc via une tablette graphique, documents interactifs, fen\u00eatre de tchat en plus de l&rsquo;\u00e9change sonore. Logiciels : Teams, Whereby, Messenger, Hangout&#8230;.<\/em><\/p>\n\n\n\n<p>D&rsquo;autres professeurs pour des cours en ligne :<\/p>\n\n\n\n<figure class=\"wp-block-embed is-type-wp-embed is-provider-alloprofses wp-block-embed-alloprofses\"><div class=\"wp-block-embed__wrapper\">\n<blockquote class=\"wp-embedded-content\" data-secret=\"fMDaNu5uX0\"><a href=\"https:\/\/www.alloprofses.fr\/mes-collegues\/\">Des cours par webcam avec des professeurs efficaces<\/a><\/blockquote><iframe class=\"wp-embedded-content\" sandbox=\"allow-scripts\" security=\"restricted\" style=\"position: absolute; clip: rect(1px, 1px, 1px, 1px);\" title=\"\u00ab\u00a0Des cours par webcam avec des professeurs efficaces\u00a0\u00bb &#8212; ALLOPROFSES\" src=\"https:\/\/www.alloprofses.fr\/mes-collegues\/embed\/#?secret=29TJHn0k9d#?secret=fMDaNu5uX0\" data-secret=\"fMDaNu5uX0\" width=\"474\" height=\"267\" frameborder=\"0\" marginwidth=\"0\" marginheight=\"0\" scrolling=\"no\"><\/iframe>\n<\/div><\/figure>\n\n\n\n<p><em><strong> site \u00ab\u00a0propuls\u00e9\u00a0\u00bb par Jacky \ud83d\ude42<\/strong><\/em><\/p>\n<\/div><\/div>\n<\/div><\/div>\n","protected":false},"excerpt":{"rendered":"<p>Professeur particulierde physique &#8211; chimieet de math\u00e9matiques &nbsp; \u2192 \u00e0 Rennes et via l&rsquo;internet&nbsp; cours particuliers pour : suivi scolaire, pr\u00e9paration rentr\u00e9e\/bac\/brevet, remise \u00e0 niveau, r\u00e9vision pendant les vacances, stage, cours hebdomadaires Cours au domicile de l&rsquo;\u00e9l\u00e8ve, aux Champs Libres, dans une des biblioth\u00e8ques universitaires, \u00e0 mon domicile ou en ligne*. Les cours concernent les &hellip; <a href=\"https:\/\/chrystelprof.fr\/\" class=\"more-link\">Continuer la lecture de <span class=\"screen-reader-text\">Mes services<\/span>  <span class=\"meta-nav\">&rarr;<\/span><\/a><\/p>\n","protected":false},"author":1,"featured_media":0,"parent":0,"menu_order":0,"comment_status":"closed","ping_status":"closed","template":"","meta":{"footnotes":""},"_links":{"self":[{"href":"https:\/\/chrystelprof.fr\/index.php?rest_route=\/wp\/v2\/pages\/51"}],"collection":[{"href":"https:\/\/chrystelprof.fr\/index.php?rest_route=\/wp\/v2\/pages"}],"about":[{"href":"https:\/\/chrystelprof.fr\/index.php?rest_route=\/wp\/v2\/types\/page"}],"author":[{"embeddable":true,"href":"https:\/\/chrystelprof.fr\/index.php?rest_route=\/wp\/v2\/users\/1"}],"replies":[{"embeddable":true,"href":"https:\/\/chrystelprof.fr\/index.php?rest_route=%2Fwp%2Fv2%2Fcomments&post=51"}],"version-history":[{"count":22,"href":"https:\/\/chrystelprof.fr\/index.php?rest_route=\/wp\/v2\/pages\/51\/revisions"}],"predecessor-version":[{"id":421,"href":"https:\/\/chrystelprof.fr\/index.php?rest_route=\/wp\/v2\/pages\/51\/revisions\/421"}],"wp:attachment":[{"href":"https:\/\/chrystelprof.fr\/index.php?rest_route=%2Fwp%2Fv2%2Fmedia&parent=51"}],"curies":[{"name":"wp","href":"https:\/\/api.w.org\/{rel}","templated":true}]}}