{"id":62,"date":"2017-07-13T03:07:10","date_gmt":"2017-07-13T01:07:10","guid":{"rendered":"http:\/\/chrystelprof.fr\/?page_id=62"},"modified":"2024-07-27T08:12:42","modified_gmt":"2024-07-27T06:12:42","slug":"quelques-fiches","status":"publish","type":"page","link":"https:\/\/chrystelprof.fr\/?page_id=62","title":{"rendered":"Quelques fiches"},"content":{"rendered":"<p><a href=\"http:\/\/chrystelprof.fr\/wp-content\/uploads\/2021\/11\/fichesPC1ere.pdf\" target=\"_blank\" rel=\"noopener\">Physique chimie de premi\u00e8re sp\u00e9 PC, fiches de cours<\/a><\/p>\n<p><a href=\"http:\/\/chrystelprof.fr\/wp-content\/uploads\/2024\/07\/fichesTle-PC.pdf\" target=\"_blank\" rel=\"noopener\">Physique chimie de terminale sp\u00e9 PC, fiches de cours<\/a><a href=\"http:\/\/chrystelprof.fr\/?attachment_id=235\" rel=\"attachment wp-att-235\"><img loading=\"lazy\" decoding=\"async\" class=\"alignright wp-image-235\" src=\"http:\/\/chrystelprof.fr\/wp-content\/uploads\/2017\/07\/geocentrique-Copie.jpg\" alt=\"geocentrique - Copie\" width=\"193\" height=\"115\" \/><\/a><\/p>\n<p>\u00e0 venir : Math\u00e9matiques de seconde, fiches de cours<\/p>\n<hr \/>\n<hr \/>\n<p><a href=\"http:\/\/chrystelprof.fr\/?attachment_id=236\" rel=\"attachment wp-att-236\"><img loading=\"lazy\" decoding=\"async\" class=\"wp-image-236 alignright\" src=\"http:\/\/chrystelprof.fr\/wp-content\/uploads\/2017\/07\/solenoid.gif\" alt=\"solenoid\" width=\"128\" height=\"96\" \/><\/a><\/p>\n","protected":false},"excerpt":{"rendered":"<p>Physique chimie de premi\u00e8re sp\u00e9 PC, fiches de cours Physique chimie de terminale sp\u00e9 PC, fiches de cours \u00e0 venir : Math\u00e9matiques de seconde, fiches de cours<\/p>\n","protected":false},"author":1,"featured_media":0,"parent":64,"menu_order":0,"comment_status":"closed","ping_status":"closed","template":"","meta":{"footnotes":""},"_links":{"self":[{"href":"https:\/\/chrystelprof.fr\/index.php?rest_route=\/wp\/v2\/pages\/62"}],"collection":[{"href":"https:\/\/chrystelprof.fr\/index.php?rest_route=\/wp\/v2\/pages"}],"about":[{"href":"https:\/\/chrystelprof.fr\/index.php?rest_route=\/wp\/v2\/types\/page"}],"author":[{"embeddable":true,"href":"https:\/\/chrystelprof.fr\/index.php?rest_route=\/wp\/v2\/users\/1"}],"replies":[{"embeddable":true,"href":"https:\/\/chrystelprof.fr\/index.php?rest_route=%2Fwp%2Fv2%2Fcomments&post=62"}],"version-history":[{"count":20,"href":"https:\/\/chrystelprof.fr\/index.php?rest_route=\/wp\/v2\/pages\/62\/revisions"}],"predecessor-version":[{"id":405,"href":"https:\/\/chrystelprof.fr\/index.php?rest_route=\/wp\/v2\/pages\/62\/revisions\/405"}],"up":[{"embeddable":true,"href":"https:\/\/chrystelprof.fr\/index.php?rest_route=\/wp\/v2\/pages\/64"}],"wp:attachment":[{"href":"https:\/\/chrystelprof.fr\/index.php?rest_route=%2Fwp%2Fv2%2Fmedia&parent=62"}],"curies":[{"name":"wp","href":"https:\/\/api.w.org\/{rel}","templated":true}]}}