{"id":66,"date":"2017-07-13T03:12:04","date_gmt":"2017-07-13T01:12:04","guid":{"rendered":"http:\/\/chrystelprof.fr\/?page_id=66"},"modified":"2024-07-27T08:18:27","modified_gmt":"2024-07-27T06:18:27","slug":"qui-suis-je","status":"publish","type":"page","link":"https:\/\/chrystelprof.fr\/?page_id=66","title":{"rendered":"Qui suis-je ?"},"content":{"rendered":"<h6>Petit historique de mon exp\u00e9rience :<\/h6>\n<p style=\"padding-left: 30px;\">Apr\u00e8s l&rsquo;agr\u00e9gation de sciences physique (option physique) en 1993, j&rsquo;ai enseign\u00e9 un an en lyc\u00e9e puis un an les maths en coll\u00e8ge de ZEP. De 1995 \u00e0 2011, \u00a0j&rsquo;ai donn\u00e9 des cours, travaux dirig\u00e9s et travaux pratiques \u00a0de physique en cycle pr\u00e9paratoire scientifique. \u00a0J&rsquo;aimais beaucoup la mati\u00e8re que j&rsquo;enseignais (et j\u2019aime toujours !); la relation aux \u00e9tudiants me plaisait, de m\u00eame que la relation \u00e0 mes coll\u00e8gues. J&rsquo;appr\u00e9ciais particuli\u00e8rement l&rsquo;encadrement et la pr\u00e9paration des travaux pratiques.<\/p>\n<p>Au cours des deux derni\u00e8res ann\u00e9es, les enseignements \u00e0 des groupes importants ne me satisfaisaient plus.<\/p>\n<p style=\"padding-left: 30px;\">Je me suis donc convertie \u00e0 d\u2019autres activit\u00e9s professionnelles tout en continuant \u00e0 donner des cours particuliers en sciences physiques et math\u00e9matiques. Cette forme d&rsquo;enseignement me permet de retrouver motivation et \u00e9change.<\/p>\n<p>Je donne des cours particuliers depuis novembre 2013, jusqu&rsquo;\u00e0 25 heures par semaine. De d\u00e9but 2016 \u00e0 septembre 2016, je me suis consacr\u00e9e enti\u00e8rement \u00e0 ces cours \u00e0 domicile et en ligne(*). J&rsquo;ai donc cr\u00e9\u00e9 mon auto-entreprenariat.<\/p>\n<p>J&rsquo;ai \u00e9t\u00e9 pr\u00e9sente sur Livementor de d\u00e9cembre 2015 \u00e0 f\u00e9vrier 2017. De septembre \u00e0 d\u00e9cembre 2016, participation \u00e0 la fabrication des exercices de sciences physiques pour le site <a href=\"http:\/\/www.kartable.fr\" target=\"_blank\" rel=\"noopener noreferrer\">Kartable<\/a>.<\/p>\n<h6>Un point sur la m\u00e9thode\u00a0:<\/h6>\n<p style=\"padding-left: 30px;\">Mes m\u00e9thodes p\u00e9dagogiques sont ax\u00e9es sur le rep\u00e9rage des besoins. Le dialogue est essentiel pour les rep\u00e9rer puis pour travailler ensemble. Il en est de m\u00eame pour les cours en ligne qui, \u00a0pour \u00eatre efficaces, obligent l\u2019\u00e9l\u00e8ve \u00e0 s\u2019exprimer, \u00e0 \u00eatre acteur ; et rien que le fait d\u2019exprimer oralement une question est une partie de la r\u00e9solution du probl\u00e8me. Les cours en ligne permettent donc d&rsquo;autant plus un entrainement \u00e0 \u00ab\u00a0l&rsquo;oral\u00a0\u00bb.<\/p>\n<p>Je cible les points \u00e0 aborder, les lacunes, et je reste vigilante bien s\u00fbr pour cerner le programme scolaire. \u00c0 la fin du cours, je peux laisser des exercices adapt\u00e9s sur lesquels on pourra revenir au cours suivant.<\/p>\n<p style=\"padding-left: 30px;\">Des stages peuvent aussi \u00eatre envisag\u00e9s : stage de remise \u00e0 niveau, stages intensifs.<\/p>\n","protected":false},"excerpt":{"rendered":"<p>Petit historique de mon exp\u00e9rience : Apr\u00e8s l&rsquo;agr\u00e9gation de sciences physique (option physique) en 1993, j&rsquo;ai enseign\u00e9 un an en lyc\u00e9e puis un an les maths en coll\u00e8ge de ZEP. De 1995 \u00e0 2011, \u00a0j&rsquo;ai donn\u00e9 des cours, travaux dirig\u00e9s et travaux pratiques \u00a0de physique en cycle pr\u00e9paratoire scientifique. \u00a0J&rsquo;aimais beaucoup la mati\u00e8re que j&rsquo;enseignais &hellip; <a href=\"https:\/\/chrystelprof.fr\/?page_id=66\" class=\"more-link\">Continuer la lecture de <span class=\"screen-reader-text\">Qui suis-je ?<\/span>  <span class=\"meta-nav\">&rarr;<\/span><\/a><\/p>\n","protected":false},"author":1,"featured_media":0,"parent":0,"menu_order":0,"comment_status":"closed","ping_status":"closed","template":"","meta":{"footnotes":""},"_links":{"self":[{"href":"https:\/\/chrystelprof.fr\/index.php?rest_route=\/wp\/v2\/pages\/66"}],"collection":[{"href":"https:\/\/chrystelprof.fr\/index.php?rest_route=\/wp\/v2\/pages"}],"about":[{"href":"https:\/\/chrystelprof.fr\/index.php?rest_route=\/wp\/v2\/types\/page"}],"author":[{"embeddable":true,"href":"https:\/\/chrystelprof.fr\/index.php?rest_route=\/wp\/v2\/users\/1"}],"replies":[{"embeddable":true,"href":"https:\/\/chrystelprof.fr\/index.php?rest_route=%2Fwp%2Fv2%2Fcomments&post=66"}],"version-history":[{"count":4,"href":"https:\/\/chrystelprof.fr\/index.php?rest_route=\/wp\/v2\/pages\/66\/revisions"}],"predecessor-version":[{"id":409,"href":"https:\/\/chrystelprof.fr\/index.php?rest_route=\/wp\/v2\/pages\/66\/revisions\/409"}],"wp:attachment":[{"href":"https:\/\/chrystelprof.fr\/index.php?rest_route=%2Fwp%2Fv2%2Fmedia&parent=66"}],"curies":[{"name":"wp","href":"https:\/\/api.w.org\/{rel}","templated":true}]}}